{"id":260,"date":"2026-04-27T11:35:25","date_gmt":"2026-04-27T11:35:25","guid":{"rendered":"https:\/\/srvoyages.com\/?page_id=260"},"modified":"2026-04-27T11:35:25","modified_gmt":"2026-04-27T11:35:25","slug":"actualite","status":"publish","type":"page","link":"https:\/\/srvoyages.com\/?page_id=260","title":{"rendered":"Actualit\u00e9"},"content":{"rendered":"\n<h1 class=\"wp-block-heading\">Actualit\u00e9<\/h1>\n\n\n\n<p>Retrouvez ici toutes les derni\u00e8res actualit\u00e9s, nouveaut\u00e9s et informations importantes. Restez inform\u00e9 des \u00e9v\u00e9nements et des offres en cours.<\/p>\n\n\n\n<hr class=\"wp-block-separator has-alpha-channel-opacity\"\/>\n\n\n<ul class=\"wp-block-latest-posts__list has-dates wp-block-latest-posts\"><li><a class=\"wp-block-latest-posts__post-title\" href=\"https:\/\/srvoyages.com\/?p=268\">Hajj 2026 S\u00e9n\u00e9gal \u2014 Package complet avec SR Voyages Thi\u00e8s &#038; Dakar<\/a><time datetime=\"2026-04-27T12:16:30+00:00\" class=\"wp-block-latest-posts__post-date\">April 27, 2026<\/time><\/li>\n<li><a class=\"wp-block-latest-posts__post-title\" href=\"https:\/\/srvoyages.com\/?p=267\">Visa Canada depuis le S\u00e9n\u00e9gal 2026 \u2014 Dossier, d\u00e9lais et accompagnement SR Voyages<\/a><time datetime=\"2026-04-27T12:16:08+00:00\" class=\"wp-block-latest-posts__post-date\">April 27, 2026<\/time><\/li>\n<li><a class=\"wp-block-latest-posts__post-title\" href=\"https:\/\/srvoyages.com\/?p=266\">Billet d&#8217;avion pas cher Dakar \u2014 Comment trouver les meilleurs prix au S\u00e9n\u00e9gal en 2026<\/a><time datetime=\"2026-04-27T12:15:45+00:00\" class=\"wp-block-latest-posts__post-date\">April 27, 2026<\/time><\/li>\n<li><a class=\"wp-block-latest-posts__post-title\" href=\"https:\/\/srvoyages.com\/?p=248\">(no title)<\/a><time datetime=\"2026-04-24T18:23:12+00:00\" class=\"wp-block-latest-posts__post-date\">April 24, 2026<\/time><\/li>\n<li><a class=\"wp-block-latest-posts__post-title\" href=\"https:\/\/srvoyages.com\/?p=65\">(no title)<\/a><time datetime=\"2026-03-27T13:11:26+00:00\" class=\"wp-block-latest-posts__post-date\">March 27, 2026<\/time><\/li>\n<li><a class=\"wp-block-latest-posts__post-title\" href=\"https:\/\/srvoyages.com\/?p=62\">SR VOY<\/a><time datetime=\"2026-03-26T14:37:10+00:00\" class=\"wp-block-latest-posts__post-date\">March 26, 2026<\/time><\/li>\n<\/ul>\n","protected":false},"excerpt":{"rendered":"<p>Actualit\u00e9 Retrouvez ici toutes les derni\u00e8res actualit\u00e9s, nouveaut\u00e9s et informations importantes. Restez inform\u00e9 des \u00e9v\u00e9nements et des offres en cours.<\/p>\n","protected":false},"author":1,"featured_media":0,"parent":0,"menu_order":0,"comment_status":"closed","ping_status":"closed","template":"","meta":{"footnotes":""},"class_list":["post-260","page","type-page","status-publish","hentry"],"yoast_head":"<!-- This site is optimized with the Yoast SEO plugin v27.1.1 - https:\/\/yoast.com\/product\/yoast-seo-wordpress\/ -->\n<title>Actualit\u00e9 - SR Voyages \u2014 Agence de Voyage N\u00b01 \u00e0 Thi\u00e8s &amp; Dakar, S\u00e9n\u00e9gal<\/title>\n<meta name=\"robots\" content=\"index, follow, max-snippet:-1, max-image-preview:large, max-video-preview:-1\" \/>\n<link rel=\"canonical\" href=\"https:\/\/srvoyages.com\/?page_id=260\" \/>\n<meta property=\"og:locale\" content=\"en_US\" \/>\n<meta property=\"og:type\" content=\"article\" \/>\n<meta property=\"og:title\" content=\"Actualit\u00e9 - SR Voyages \u2014 Agence de Voyage N\u00b01 \u00e0 Thi\u00e8s &amp; Dakar, S\u00e9n\u00e9gal\" \/>\n<meta property=\"og:description\" content=\"Actualit\u00e9 Retrouvez ici toutes les derni\u00e8res actualit\u00e9s, nouveaut\u00e9s et informations importantes. Restez inform\u00e9 des \u00e9v\u00e9nements et des offres en cours.\" \/>\n<meta property=\"og:url\" content=\"https:\/\/srvoyages.com\/?page_id=260\" \/>\n<meta property=\"og:site_name\" content=\"SR Voyages \u2014 Agence de Voyage N\u00b01 \u00e0 Thi\u00e8s &amp; Dakar, S\u00e9n\u00e9gal\" \/>\n<meta name=\"twitter:card\" content=\"summary_large_image\" \/>\n<script type=\"application\/ld+json\" class=\"yoast-schema-graph\">{\"@context\":\"https:\/\/schema.org\",\"@graph\":[{\"@type\":\"WebPage\",\"@id\":\"https:\/\/srvoyages.com\/?page_id=260\",\"url\":\"https:\/\/srvoyages.com\/?page_id=260\",\"name\":\"Actualit\u00e9 - SR Voyages \u2014 Agence de Voyage N\u00b01 \u00e0 Thi\u00e8s &amp; Dakar, S\u00e9n\u00e9gal\",\"isPartOf\":{\"@id\":\"https:\/\/srvoyages.com\/#website\"},\"datePublished\":\"2026-04-27T11:35:25+00:00\",\"breadcrumb\":{\"@id\":\"https:\/\/srvoyages.com\/?page_id=260#breadcrumb\"},\"inLanguage\":\"en-US\",\"potentialAction\":[{\"@type\":\"ReadAction\",\"target\":[\"https:\/\/srvoyages.com\/?page_id=260\"]}]},{\"@type\":\"BreadcrumbList\",\"@id\":\"https:\/\/srvoyages.com\/?page_id=260#breadcrumb\",\"itemListElement\":[{\"@type\":\"ListItem\",\"position\":1,\"name\":\"Home\",\"item\":\"https:\/\/srvoyages.com\/\"},{\"@type\":\"ListItem\",\"position\":2,\"name\":\"Actualit\u00e9\"}]},{\"@type\":\"WebSite\",\"@id\":\"https:\/\/srvoyages.com\/#website\",\"url\":\"https:\/\/srvoyages.com\/\",\"name\":\"SR Voyages \u2014 Agence de Voyage N\u00b01 \u00e0 Thi\u00e8s &amp; Dakar, S\u00e9n\u00e9gal\",\"description\":\"Billets d&#039;avion, visa Canada\/USA\/Europe, Hajj &amp; Omra, h\u00f4tels, excursions Saly. Devis gratuit 24h. Agence de voyage Thi\u00e8s, Dakar, Saly \u2014 S\u00e9n\u00e9gal.\",\"potentialAction\":[{\"@type\":\"SearchAction\",\"target\":{\"@type\":\"EntryPoint\",\"urlTemplate\":\"https:\/\/srvoyages.com\/?s={search_term_string}\"},\"query-input\":{\"@type\":\"PropertyValueSpecification\",\"valueRequired\":true,\"valueName\":\"search_term_string\"}}],\"inLanguage\":\"en-US\"}]}<\/script>\n<!-- \/ Yoast SEO plugin. -->","yoast_head_json":{"title":"Actualit\u00e9 - SR Voyages \u2014 Agence de Voyage N\u00b01 \u00e0 Thi\u00e8s &amp; Dakar, S\u00e9n\u00e9gal","robots":{"index":"index","follow":"follow","max-snippet":"max-snippet:-1","max-image-preview":"max-image-preview:large","max-video-preview":"max-video-preview:-1"},"canonical":"https:\/\/srvoyages.com\/?page_id=260","og_locale":"en_US","og_type":"article","og_title":"Actualit\u00e9 - SR Voyages \u2014 Agence de Voyage N\u00b01 \u00e0 Thi\u00e8s &amp; Dakar, S\u00e9n\u00e9gal","og_description":"Actualit\u00e9 Retrouvez ici toutes les derni\u00e8res actualit\u00e9s, nouveaut\u00e9s et informations importantes. Restez inform\u00e9 des \u00e9v\u00e9nements et des offres en cours.","og_url":"https:\/\/srvoyages.com\/?page_id=260","og_site_name":"SR Voyages \u2014 Agence de Voyage N\u00b01 \u00e0 Thi\u00e8s &amp; Dakar, S\u00e9n\u00e9gal","twitter_card":"summary_large_image","schema":{"@context":"https:\/\/schema.org","@graph":[{"@type":"WebPage","@id":"https:\/\/srvoyages.com\/?page_id=260","url":"https:\/\/srvoyages.com\/?page_id=260","name":"Actualit\u00e9 - SR Voyages \u2014 Agence de Voyage N\u00b01 \u00e0 Thi\u00e8s &amp; Dakar, S\u00e9n\u00e9gal","isPartOf":{"@id":"https:\/\/srvoyages.com\/#website"},"datePublished":"2026-04-27T11:35:25+00:00","breadcrumb":{"@id":"https:\/\/srvoyages.com\/?page_id=260#breadcrumb"},"inLanguage":"en-US","potentialAction":[{"@type":"ReadAction","target":["https:\/\/srvoyages.com\/?page_id=260"]}]},{"@type":"BreadcrumbList","@id":"https:\/\/srvoyages.com\/?page_id=260#breadcrumb","itemListElement":[{"@type":"ListItem","position":1,"name":"Home","item":"https:\/\/srvoyages.com\/"},{"@type":"ListItem","position":2,"name":"Actualit\u00e9"}]},{"@type":"WebSite","@id":"https:\/\/srvoyages.com\/#website","url":"https:\/\/srvoyages.com\/","name":"SR Voyages \u2014 Agence de Voyage N\u00b01 \u00e0 Thi\u00e8s &amp; Dakar, S\u00e9n\u00e9gal","description":"Billets d&#039;avion, visa Canada\/USA\/Europe, Hajj &amp; Omra, h\u00f4tels, excursions Saly. Devis gratuit 24h. Agence de voyage Thi\u00e8s, Dakar, Saly \u2014 S\u00e9n\u00e9gal.","potentialAction":[{"@type":"SearchAction","target":{"@type":"EntryPoint","urlTemplate":"https:\/\/srvoyages.com\/?s={search_term_string}"},"query-input":{"@type":"PropertyValueSpecification","valueRequired":true,"valueName":"search_term_string"}}],"inLanguage":"en-US"}]}},"brizy_media":[],"_links":{"self":[{"href":"https:\/\/srvoyages.com\/index.php?rest_route=\/wp\/v2\/pages\/260","targetHints":{"allow":["GET"]}}],"collection":[{"href":"https:\/\/srvoyages.com\/index.php?rest_route=\/wp\/v2\/pages"}],"about":[{"href":"https:\/\/srvoyages.com\/index.php?rest_route=\/wp\/v2\/types\/page"}],"author":[{"embeddable":true,"href":"https:\/\/srvoyages.com\/index.php?rest_route=\/wp\/v2\/users\/1"}],"replies":[{"embeddable":true,"href":"https:\/\/srvoyages.com\/index.php?rest_route=%2Fwp%2Fv2%2Fcomments&post=260"}],"version-history":[{"count":0,"href":"https:\/\/srvoyages.com\/index.php?rest_route=\/wp\/v2\/pages\/260\/revisions"}],"wp:attachment":[{"href":"https:\/\/srvoyages.com\/index.php?rest_route=%2Fwp%2Fv2%2Fmedia&parent=260"}],"curies":[{"name":"wp","href":"https:\/\/api.w.org\/{rel}","templated":true}]}}